{"id":599,"date":"2023-06-18T17:35:11","date_gmt":"2023-06-18T17:35:11","guid":{"rendered":"https:\/\/zfbz.de\/?page_id=599"},"modified":"2023-06-18T17:35:11","modified_gmt":"2023-06-18T17:35:11","slug":"aktivitaeten-in-der-gesellschaft","status":"publish","type":"page","link":"https:\/\/zfbz.de\/abli\/aktivitaeten-in-der-gesellschaft\/","title":{"rendered":"Aktivit\u00e4ten in der  Gesellschaft"},"content":{"rendered":"\n<p>Im Bereich &#8222;Aktivit\u00e4ten&#8220; setzen wir uns mit Leidenschaft f\u00fcr positive Ver\u00e4nderungen in unserer Gesellschaft ein. Wir planen und organisieren vielf\u00e4ltige Aktionen, um unsere Umgebung zu verbessern und anderen Menschen zu helfen.<\/p>\n\n\n\n<p>Eine unserer wichtigen Initiativen umfasst Stra\u00dfenreinigungsaktionen. Zusammen mit unseren engagierten Mitgliedern und freiwilligen Helfern machen wir uns auf den Weg, um Stra\u00dfen und \u00f6ffentliche Pl\u00e4tze von M\u00fcll und Unrat zu befreien. Durch diese Aktionen tragen wir dazu bei, unsere Umgebung sauberer und lebenswerter zu gestalten.<\/p>\n\n\n\n<p>Unser Ziel ist es, einen positiven Einfluss auf unsere Gemeinschaft auszu\u00fcben und Menschen zusammenzubringen. Wir glauben fest daran, dass jeder Einzelne einen Beitrag zur Verbesserung unserer Gesellschaft leisten kann. Durch unsere Aktivit\u00e4ten m\u00f6chten wir als Vorbilder dienen und andere ermutigen, sich ebenfalls aktiv einzubringen.<\/p>\n\n\n\n<p>Wenn du dich f\u00fcr gesellschaftliches Engagement interessierst und gemeinsam mit uns die Welt ein kleines St\u00fcckchen besser machen m\u00f6chtest, bist du herzlich eingeladen, bei unseren Aktivit\u00e4ten mitzumachen. Zusammen k\u00f6nnen wir einen positiven Wandel bewirken und einen bedeutsamen Unterschied in unserer Gesellschaft schaffen.<\/p>\n","protected":false},"excerpt":{"rendered":"<p>Im Bereich &#8222;Aktivit\u00e4ten&#8220; setzen wir uns mit Leidenschaft f\u00fcr positive Ver\u00e4nderungen in unserer Gesellschaft ein. Wir planen und organisieren vielf\u00e4ltige Aktionen, um unsere Umgebung zu verbessern und anderen Menschen zu helfen. Eine unserer wichtigen Initiativen umfasst Stra\u00dfenreinigungsaktionen. Zusammen mit unseren engagierten Mitgliedern und freiwilligen Helfern machen wir uns auf den Weg, um Stra\u00dfen und \u00f6ffentliche [&hellip;]<\/p>\n","protected":false},"author":2,"featured_media":0,"parent":0,"menu_order":0,"comment_status":"closed","ping_status":"closed","template":"","meta":{"_gspb_post_css":"","_coblocks_attr":"","_coblocks_dimensions":"","_coblocks_responsive_height":"","_coblocks_accordion_ie_support":"","footnotes":""},"class_list":["post-599","page","type-page","status-publish","hentry"],"_links":{"self":[{"href":"https:\/\/zfbz.de\/abli\/wp-json\/wp\/v2\/pages\/599","targetHints":{"allow":["GET"]}}],"collection":[{"href":"https:\/\/zfbz.de\/abli\/wp-json\/wp\/v2\/pages"}],"about":[{"href":"https:\/\/zfbz.de\/abli\/wp-json\/wp\/v2\/types\/page"}],"author":[{"embeddable":true,"href":"https:\/\/zfbz.de\/abli\/wp-json\/wp\/v2\/users\/2"}],"replies":[{"embeddable":true,"href":"https:\/\/zfbz.de\/abli\/wp-json\/wp\/v2\/comments?post=599"}],"version-history":[{"count":0,"href":"https:\/\/zfbz.de\/abli\/wp-json\/wp\/v2\/pages\/599\/revisions"}],"wp:attachment":[{"href":"https:\/\/zfbz.de\/abli\/wp-json\/wp\/v2\/media?parent=599"}],"curies":[{"name":"wp","href":"https:\/\/api.w.org\/{rel}","templated":true}]}}