{"id":285,"date":"2023-05-14T15:05:11","date_gmt":"2023-05-14T15:05:11","guid":{"rendered":"https:\/\/zfbz.de\/?page_id=285"},"modified":"2023-05-14T15:05:11","modified_gmt":"2023-05-14T15:05:11","slug":"relgion","status":"publish","type":"page","link":"https:\/\/zfbz.de\/abli\/relgion\/","title":{"rendered":"Religion"},"content":{"rendered":"\n<p>Religion und Toleranz sind grundlegende Werte, die in unserer Gesellschaft eine wichtige Rolle spielen. Bei Abli setzen wir uns aktiv daf\u00fcr ein, die Toleranz und den gegenseitigen Respekt zwischen den verschiedenen Glaubensrichtungen und Kulturen zu f\u00f6rdern. Unsere \u00dcberzeugung ist, dass eine friedliche und harmonische Gesellschaft nur durch Verst\u00e4ndnis und Toleranz erreicht werden kann.<\/p>\n\n\n\n<p>In unseren Programmen und Aktivit\u00e4ten legen wir gro\u00dfen Wert darauf, ein Klima des Respekts und der Offenheit zu schaffen. Wir f\u00f6rdern den Dialog und den Austausch zwischen Menschen unterschiedlicher religi\u00f6ser \u00dcberzeugungen und kultureller Hintergr\u00fcnde. Dabei liegt unser Fokus darauf, Gemeinsamkeiten zu finden, Vorurteile abzubauen und den Reichtum der Vielfalt anzuerkennen.<\/p>\n\n\n\n<p>Wir bieten verschiedene Veranstaltungen, Workshops und Diskussionsrunden an, in denen wir uns mit religi\u00f6sen Traditionen, Werten und Br\u00e4uchen auseinandersetzen. Durch den offenen und respektvollen Austausch m\u00f6chten wir das Verst\u00e4ndnis f\u00fcreinander vertiefen und Vorurteile abbauen.<\/p>\n\n\n\n<p>Unser Ziel ist es, ein Bewusstsein f\u00fcr die Bedeutung von Toleranz und religi\u00f6ser Vielfalt in unserer Gesellschaft zu schaffen. Wir m\u00f6chten Menschen dazu ermutigen, ihre eigenen \u00dcberzeugungen zu reflektieren, Vorurteile zu hinterfragen und ein friedliches Miteinander zu f\u00f6rdern.<\/p>\n","protected":false},"excerpt":{"rendered":"<p>Religion und Toleranz sind grundlegende Werte, die in unserer Gesellschaft eine wichtige Rolle spielen. Bei Abli setzen wir uns aktiv daf\u00fcr ein, die Toleranz und den gegenseitigen Respekt zwischen den verschiedenen Glaubensrichtungen und Kulturen zu f\u00f6rdern. Unsere \u00dcberzeugung ist, dass eine friedliche und harmonische Gesellschaft nur durch Verst\u00e4ndnis und Toleranz erreicht werden kann. In unseren [&hellip;]<\/p>\n","protected":false},"author":2,"featured_media":0,"parent":0,"menu_order":0,"comment_status":"closed","ping_status":"closed","template":"","meta":{"_gspb_post_css":"","_coblocks_attr":"","_coblocks_dimensions":"","_coblocks_responsive_height":"","_coblocks_accordion_ie_support":"","footnotes":""},"class_list":["post-285","page","type-page","status-publish","hentry"],"_links":{"self":[{"href":"https:\/\/zfbz.de\/abli\/wp-json\/wp\/v2\/pages\/285","targetHints":{"allow":["GET"]}}],"collection":[{"href":"https:\/\/zfbz.de\/abli\/wp-json\/wp\/v2\/pages"}],"about":[{"href":"https:\/\/zfbz.de\/abli\/wp-json\/wp\/v2\/types\/page"}],"author":[{"embeddable":true,"href":"https:\/\/zfbz.de\/abli\/wp-json\/wp\/v2\/users\/2"}],"replies":[{"embeddable":true,"href":"https:\/\/zfbz.de\/abli\/wp-json\/wp\/v2\/comments?post=285"}],"version-history":[{"count":0,"href":"https:\/\/zfbz.de\/abli\/wp-json\/wp\/v2\/pages\/285\/revisions"}],"wp:attachment":[{"href":"https:\/\/zfbz.de\/abli\/wp-json\/wp\/v2\/media?parent=285"}],"curies":[{"name":"wp","href":"https:\/\/api.w.org\/{rel}","templated":true}]}}